{"id":64410,"date":"2026-04-24T09:15:36","date_gmt":"2026-04-24T16:15:36","guid":{"rendered":"https:\/\/tepachesazon.com\/?post_type=product&#038;p=64410"},"modified":"2026-04-24T10:06:47","modified_gmt":"2026-04-24T17:06:47","slug":"guava","status":"publish","type":"product","link":"https:\/\/tepachesazon.com\/es\/drink\/guava\/","title":{"rendered":"Guava"},"content":{"rendered":"<div class=\"type-product woocommerce-product-attributes shop_attributes\">\n<div class=\"woocommerce-product-attributes-special row\">\n<div class=\"woo-panel-description col-lg-4\">\n<div class=\"woo-panel-description-content\">\n<h3>Burbujeante y refrescante<\/h3>\n<p>                Enfr\u00edalo hasta que est\u00e9 helado a la perfecci\u00f3n\n            <\/p><\/div>\n<\/p><\/div>\n<div class=\"woo-panel-description col-lg-4\">\n<div class=\"woo-panel-description-content\">\n<h3>\n                    Made from 100% Real Guava<br \/>\n                <\/h3>\n<p>                 Sin ingredientes artificiales\n            <\/p><\/div>\n<\/p><\/div>\n<div class=\"woo-panel-description col-lg-4\">\n<div class=\"woo-panel-description-content\">\n<h3>\n                    Naturalmente libre de gluten<br \/>\n                <\/h3>\n<p>                Una excelente alternativa a tu cerveza favorita\n            <\/p><\/div>\n<\/p><\/div>\n<\/p><\/div>\n<\/div>\n<style>\n.single-product .woocommerce-product-gallery .swiper-slide:first-child,\n.single-product .woocommerce-product-gallery .swiper-slide:nth-child(2),\n.single-product .woocommerce-product-gallery .swiper-slide:nth-child(3),\n.single-product .woocommerce-product-gallery .swiper-slide:nth-child(4),\n.single-product .woocommerce-product-gallery .swiper-slide:nth-child(5),\n.single-product .woocommerce-product-gallery .swiper-slide:nth-child(6) {\n    background-image: url(\/wp-content\/uploads\/tepache-sazon-illustration-guava-grey.svg);\n    background-repeat: no-repeat;\n    background-size: contain;\n    background-position: left top;\n}\n<\/style>","protected":false},"excerpt":{"rendered":"<p><span class=\"excerpt\">Tepache is an effervescent Mexican beverage made from a variety of fruits, most commonly pineapple. We make Tepache Saz\u00f3n from a traditional recipe in the coastal village of San Pancho, Nayarit. We crush and ferment locally hand-harvested guavas, emphasizing freshness and ripeness.<\/a><\/span><\/p>\n<p class=\"read-more\"><a class=\"btn btn-light vprstrap-read-more-link\" href=\"https:\/\/tepachesazon.com\/es\/drink\/guava\/\" data-no-translation=\"\" data-trp-gettext=\"\">Read More<\/a><\/p>","protected":false},"featured_media":64417,"template":"","meta":[],"product_cat":[27],"product_tag":[],"acf":{"prettier_name":"Guava","wmt_id":"","tier_c_01_acf":"","tier_c_02_acf":"","tier_c_03_acf":"375 ml","tier_c_04_acf":"4-pack","tier_c_05_acf":"6 x 4-pack","tier_c_06_acf":"24 x 375 ml (9L)","ingredients":"","nutrition_facts":"","short_description_citation":"","long_description_citation":"","extended_highlights":"","photo":{"ID":64417,"id":64417,"title":"","filename":"tepache-sazon-guava-bottle-with-case.png","filesize":629962,"url":"https:\/\/tepachesazon.com\/wp-content\/uploads\/tepache-sazon-guava-bottle-with-case.png","link":"https:\/\/tepachesazon.com\/es\/?attachment_id=64417","alt":"tepache-sazon-guava-bottle-with-case","author":"3","description":"","caption":"","name":"tepache-sazon-guava-bottle-with-case","status":"inherit","uploaded_to":0,"date":"2026-04-24 16:39:36","modified":"2026-04-24 16:40:28","menu_order":0,"mime_type":"image\/png","type":"image","subtype":"png","icon":"https:\/\/tepachesazon.com\/wp-includes\/images\/media\/default.png","width":608,"height":800,"sizes":{"thumbnail":"https:\/\/tepachesazon.com\/wp-content\/uploads\/tepache-sazon-guava-bottle-with-case-150x150.png","thumbnail-width":150,"thumbnail-height":150,"medium":"https:\/\/tepachesazon.com\/wp-content\/uploads\/tepache-sazon-guava-bottle-with-case-456x600.png","medium-width":456,"medium-height":600,"medium_large":"https:\/\/tepachesazon.com\/wp-content\/uploads\/tepache-sazon-guava-bottle-with-case.png","medium_large-width":608,"medium_large-height":800,"large":"https:\/\/tepachesazon.com\/wp-content\/uploads\/tepache-sazon-guava-bottle-with-case.png","large-width":608,"large-height":800,"1536x1536":"https:\/\/tepachesazon.com\/wp-content\/uploads\/tepache-sazon-guava-bottle-with-case.png","1536x1536-width":608,"1536x1536-height":800,"2048x2048":"https:\/\/tepachesazon.com\/wp-content\/uploads\/tepache-sazon-guava-bottle-with-case.png","2048x2048-width":608,"2048x2048-height":800,"trp-custom-language-flag":"https:\/\/tepachesazon.com\/wp-content\/uploads\/tepache-sazon-guava-bottle-with-case-9x12.png","trp-custom-language-flag-width":9,"trp-custom-language-flag-height":12,"woo_single_size":"https:\/\/tepachesazon.com\/wp-content\/uploads\/tepache-sazon-guava-bottle-with-case-608x700.png","woo_single_size-width":608,"woo_single_size-height":700,"admin-col-featured-image":"https:\/\/tepachesazon.com\/wp-content\/uploads\/tepache-sazon-guava-bottle-with-case-91x120.png","admin-col-featured-image-width":91,"admin-col-featured-image-height":120,"woocommerce_thumbnail":"https:\/\/tepachesazon.com\/wp-content\/uploads\/tepache-sazon-guava-bottle-with-case-300x300.png","woocommerce_thumbnail-width":300,"woocommerce_thumbnail-height":300,"woocommerce_single":"https:\/\/tepachesazon.com\/wp-content\/uploads\/tepache-sazon-guava-bottle-with-case-600x789.png","woocommerce_single-width":600,"woocommerce_single-height":789,"woocommerce_gallery_thumbnail":"https:\/\/tepachesazon.com\/wp-content\/uploads\/tepache-sazon-guava-bottle-with-case-100x100.png","woocommerce_gallery_thumbnail-width":100,"woocommerce_gallery_thumbnail-height":100,"wc_order_status_icon":"https:\/\/tepachesazon.com\/wp-content\/uploads\/tepache-sazon-guava-bottle-with-case-32x32.png","wc_order_status_icon-width":32,"wc_order_status_icon-height":32}},"feature_sticker":false,"headline_image":false,"pre_headline":"","headline":"","features_sub_headline":"","copy_1st":"","copy_2nd":"","feature_link_url":"","call_to_action_copy_button":"","product_header_img":false,"product_lower_tab_attribute_table_img":64418,"bottle_can_name":"4 pack - 375ml Bottles"},"aioseo_notices":[],"aioseo_head":"\n\t\t<!-- All in One SEO Pro 4.3.7 - aioseo.com -->\n\t\t<meta name=\"description\" content=\"We make Tepache Saz\u00f3n from a traditional recipe in the coastal village of San Pancho, Nayarit. We crush and ferment local hand-harvested pineapples with an emphasis on freshness and ripeness.\" \/>\n\t\t<meta name=\"robots\" content=\"max-image-preview:large\" \/>\n\t\t<meta name=\"google-site-verification\" content=\"t_Ije3UyTP6szK2AJY91nLonwyuKodJWMw9w_s5AJek\" \/>\n\t\t<link rel=\"canonical\" href=\"https:\/\/tepachesazon.com\/es\/drink\/guava\/\" \/>\n\t\t<meta name=\"generator\" content=\"All in One SEO Pro (AIOSEO) 4.3.7\" \/>\n\t\t<meta property=\"og:locale\" content=\"es_MX\" \/>\n\t\t<meta property=\"og:site_name\" content=\"Tepache Saz\u00f3n - Fermented Mexican Tropical Pineapple Fruit Drink\" \/>\n\t\t<meta property=\"og:type\" content=\"article\" \/>\n\t\t<meta property=\"og:title\" content=\"Pineapple Tepache - Pi\u00f1a y Canela - Tepache Saz\u00f3n\" \/>\n\t\t<meta property=\"og:description\" content=\"We make Tepache Saz\u00f3n from a traditional recipe in the coastal village of San Pancho, Nayarit. We crush and ferment local hand-harvested pineapples with an emphasis on freshness and ripeness.\" \/>\n\t\t<meta property=\"og:url\" content=\"https:\/\/tepachesazon.com\/es\/drink\/guava\/\" \/>\n\t\t<meta property=\"og:image\" content=\"https:\/\/tepachesazon.com\/wp-content\/uploads\/tepache-sazon-guava-bottle-with-case.png\" \/>\n\t\t<meta property=\"og:image:secure_url\" content=\"https:\/\/tepachesazon.com\/wp-content\/uploads\/tepache-sazon-guava-bottle-with-case.png\" \/>\n\t\t<meta property=\"og:image:width\" content=\"608\" \/>\n\t\t<meta property=\"og:image:height\" content=\"800\" \/>\n\t\t<meta property=\"article:published_time\" content=\"2026-04-24T16:15:36+00:00\" \/>\n\t\t<meta property=\"article:modified_time\" content=\"2026-04-24T17:06:47+00:00\" \/>\n\t\t<meta name=\"twitter:card\" content=\"summary_large_image\" \/>\n\t\t<meta name=\"twitter:title\" content=\"Pineapple Tepache - Pi\u00f1a y Canela - Tepache Saz\u00f3n\" \/>\n\t\t<meta name=\"twitter:description\" content=\"We make Tepache Saz\u00f3n from a traditional recipe in the coastal village of San Pancho, Nayarit. We crush and ferment local hand-harvested pineapples with an emphasis on freshness and ripeness.\" \/>\n\t\t<meta name=\"twitter:image\" content=\"https:\/\/tepachesazon.com\/wp-content\/uploads\/tepache-sazon-guava-bottle-with-case.png\" \/>\n\t\t<script type=\"application\/ld+json\" class=\"aioseo-schema\">\n\t\t\t{\"@context\":\"https:\\\/\\\/schema.org\",\"@graph\":[{\"@type\":\"BreadcrumbList\",\"@id\":\"https:\\\/\\\/tepachesazon.com\\\/es\\\/drink\\\/guava\\\/#breadcrumblist\",\"itemListElement\":[{\"@type\":\"ListItem\",\"@id\":\"https:\\\/\\\/tepachesazon.com\\\/es\\\/#listItem\",\"position\":1,\"item\":{\"@type\":\"WebPage\",\"@id\":\"https:\\\/\\\/tepachesazon.com\\\/es\\\/\",\"name\":\"Home\",\"description\":\"Tepache Saz\\u00f3n is made in the coastal Mexican village of San Pancho, Nayarit. We crush & ferment locally-grown fruit with an emphasis on freshness and ripeness.\",\"url\":\"https:\\\/\\\/tepachesazon.com\\\/es\\\/\"},\"nextItem\":\"https:\\\/\\\/tepachesazon.com\\\/es\\\/drink\\\/guava\\\/#listItem\"},{\"@type\":\"ListItem\",\"@id\":\"https:\\\/\\\/tepachesazon.com\\\/es\\\/drink\\\/guava\\\/#listItem\",\"position\":2,\"item\":{\"@type\":\"WebPage\",\"@id\":\"https:\\\/\\\/tepachesazon.com\\\/es\\\/drink\\\/guava\\\/\",\"name\":\"Guava\",\"description\":\"We make Tepache Saz\\u00f3n from a traditional recipe in the coastal village of San Pancho, Nayarit. We crush and ferment local hand-harvested pineapples with an emphasis on freshness and ripeness.\",\"url\":\"https:\\\/\\\/tepachesazon.com\\\/es\\\/drink\\\/guava\\\/\"},\"previousItem\":\"https:\\\/\\\/tepachesazon.com\\\/es\\\/#listItem\"}]},{\"@type\":\"Organization\",\"@id\":\"https:\\\/\\\/tepachesazon.com\\\/es\\\/#organization\",\"name\":\"Tepache Saz\\u00f3n\",\"url\":\"https:\\\/\\\/tepachesazon.com\\\/es\\\/\",\"logo\":{\"@type\":\"ImageObject\",\"url\":\"https:\\\/\\\/tepachesazon.com\\\/wp-content\\\/uploads\\\/tepache-sazon-logo.png\",\"@id\":\"https:\\\/\\\/tepachesazon.com\\\/es\\\/#organizationLogo\",\"width\":500,\"height\":229,\"caption\":\"Tepache Sazo\\u0301n logo\"},\"image\":{\"@id\":\"https:\\\/\\\/tepachesazon.com\\\/es\\\/#organizationLogo\"},\"sameAs\":[\"https:\\\/\\\/www.instagram.com\\\/tepachesazon\"]},{\"@type\":\"WebPage\",\"@id\":\"https:\\\/\\\/tepachesazon.com\\\/es\\\/drink\\\/guava\\\/#webpage\",\"url\":\"https:\\\/\\\/tepachesazon.com\\\/es\\\/drink\\\/guava\\\/\",\"name\":\"Pineapple Tepache - Pi\\u00f1a y Canela - Tepache Saz\\u00f3n\",\"description\":\"We make Tepache Saz\\u00f3n from a traditional recipe in the coastal village of San Pancho, Nayarit. We crush and ferment local hand-harvested pineapples with an emphasis on freshness and ripeness.\",\"inLanguage\":\"es-MX\",\"isPartOf\":{\"@id\":\"https:\\\/\\\/tepachesazon.com\\\/es\\\/#website\"},\"breadcrumb\":{\"@id\":\"https:\\\/\\\/tepachesazon.com\\\/es\\\/drink\\\/guava\\\/#breadcrumblist\"},\"image\":{\"@type\":\"ImageObject\",\"url\":\"https:\\\/\\\/tepachesazon.com\\\/wp-content\\\/uploads\\\/tepache-sazon-guava-bottle-with-case.png\",\"@id\":\"https:\\\/\\\/tepachesazon.com\\\/es\\\/#mainImage\",\"width\":608,\"height\":800,\"caption\":\"tepache-sazon-guava-bottle-with-case\"},\"primaryImageOfPage\":{\"@id\":\"https:\\\/\\\/tepachesazon.com\\\/es\\\/drink\\\/guava\\\/#mainImage\"},\"datePublished\":\"2026-04-24T16:15:36-07:00\",\"dateModified\":\"2026-04-24T17:06:47-07:00\"},{\"@type\":\"WebSite\",\"@id\":\"https:\\\/\\\/tepachesazon.com\\\/es\\\/#website\",\"url\":\"https:\\\/\\\/tepachesazon.com\\\/es\\\/\",\"name\":\"Tepache Saz\\u00f3n\",\"description\":\"Fermented Mexican Tropical Pineapple Fruit Drink\",\"inLanguage\":\"es-MX\",\"publisher\":{\"@id\":\"https:\\\/\\\/tepachesazon.com\\\/es\\\/#organization\"}}]}\n\t\t<\/script>\n\t\t<!-- All in One SEO Pro -->\r\n\t\t<title>Pineapple Tepache - Pi\u00f1a y Canela - Tepache Saz\u00f3n<\/title>\n\n","aioseo_head_json":{"title":"Pineapple Tepache - Pi\u00f1a y Canela - Tepache Saz\u00f3n","description":"We make Tepache Saz\u00f3n from a traditional recipe in the coastal village of San Pancho, Nayarit. We crush and ferment local hand-harvested pineapples with an emphasis on freshness and ripeness.","canonical_url":"https:\/\/tepachesazon.com\/es\/drink\/guava\/","robots":"max-image-preview:large","keywords":"","webmasterTools":{"google-site-verification":"t_Ije3UyTP6szK2AJY91nLonwyuKodJWMw9w_s5AJek","miscellaneous":""},"og:locale":"es_MX","og:site_name":"Tepache Saz\u00f3n - Fermented Mexican Tropical Pineapple Fruit Drink","og:type":"article","og:title":"Pineapple Tepache - Pi\u00f1a y Canela - Tepache Saz\u00f3n","og:description":"We make Tepache Saz\u00f3n from a traditional recipe in the coastal village of San Pancho, Nayarit. We crush and ferment local hand-harvested pineapples with an emphasis on freshness and ripeness.","og:url":"https:\/\/tepachesazon.com\/es\/drink\/guava\/","og:image":"https:\/\/tepachesazon.com\/wp-content\/uploads\/tepache-sazon-guava-bottle-with-case.png","og:image:secure_url":"https:\/\/tepachesazon.com\/wp-content\/uploads\/tepache-sazon-guava-bottle-with-case.png","og:image:width":608,"og:image:height":800,"article:published_time":"2026-04-24T16:15:36+00:00","article:modified_time":"2026-04-24T17:06:47+00:00","twitter:card":"summary_large_image","twitter:title":"Pineapple Tepache - Pi\u00f1a y Canela - Tepache Saz\u00f3n","twitter:description":"We make Tepache Saz\u00f3n from a traditional recipe in the coastal village of San Pancho, Nayarit. We crush and ferment local hand-harvested pineapples with an emphasis on freshness and ripeness.","twitter:image":"https:\/\/tepachesazon.com\/wp-content\/uploads\/tepache-sazon-guava-bottle-with-case.png","schema":{"@context":"https:\/\/schema.org","@graph":[{"@type":"BreadcrumbList","@id":"https:\/\/tepachesazon.com\/es\/drink\/guava\/#breadcrumblist","itemListElement":[{"@type":"ListItem","@id":"https:\/\/tepachesazon.com\/es\/#listItem","position":1,"item":{"@type":"WebPage","@id":"https:\/\/tepachesazon.com\/es\/","name":"Home","description":"Tepache Saz\u00f3n is made in the coastal Mexican village of San Pancho, Nayarit. We crush & ferment locally-grown fruit with an emphasis on freshness and ripeness.","url":"https:\/\/tepachesazon.com\/es\/"},"nextItem":"https:\/\/tepachesazon.com\/es\/drink\/guava\/#listItem"},{"@type":"ListItem","@id":"https:\/\/tepachesazon.com\/es\/drink\/guava\/#listItem","position":2,"item":{"@type":"WebPage","@id":"https:\/\/tepachesazon.com\/es\/drink\/guava\/","name":"Guava","description":"We make Tepache Saz\u00f3n from a traditional recipe in the coastal village of San Pancho, Nayarit. We crush and ferment local hand-harvested pineapples with an emphasis on freshness and ripeness.","url":"https:\/\/tepachesazon.com\/es\/drink\/guava\/"},"previousItem":"https:\/\/tepachesazon.com\/es\/#listItem"}]},{"@type":"Organization","@id":"https:\/\/tepachesazon.com\/es\/#organization","name":"Tepache Saz\u00f3n","url":"https:\/\/tepachesazon.com\/es\/","logo":{"@type":"ImageObject","url":"https:\/\/tepachesazon.com\/wp-content\/uploads\/tepache-sazon-logo.png","@id":"https:\/\/tepachesazon.com\/es\/#organizationLogo","width":500,"height":229,"caption":"Tepache Sazo\u0301n logo"},"image":{"@id":"https:\/\/tepachesazon.com\/es\/#organizationLogo"},"sameAs":["https:\/\/www.instagram.com\/tepachesazon"]},{"@type":"WebPage","@id":"https:\/\/tepachesazon.com\/es\/drink\/guava\/#webpage","url":"https:\/\/tepachesazon.com\/es\/drink\/guava\/","name":"Pineapple Tepache - Pi\u00f1a y Canela - Tepache Saz\u00f3n","description":"We make Tepache Saz\u00f3n from a traditional recipe in the coastal village of San Pancho, Nayarit. We crush and ferment local hand-harvested pineapples with an emphasis on freshness and ripeness.","inLanguage":"es-MX","isPartOf":{"@id":"https:\/\/tepachesazon.com\/es\/#website"},"breadcrumb":{"@id":"https:\/\/tepachesazon.com\/es\/drink\/guava\/#breadcrumblist"},"image":{"@type":"ImageObject","url":"https:\/\/tepachesazon.com\/wp-content\/uploads\/tepache-sazon-guava-bottle-with-case.png","@id":"https:\/\/tepachesazon.com\/es\/#mainImage","width":608,"height":800,"caption":"tepache-sazon-guava-bottle-with-case"},"primaryImageOfPage":{"@id":"https:\/\/tepachesazon.com\/es\/drink\/guava\/#mainImage"},"datePublished":"2026-04-24T16:15:36-07:00","dateModified":"2026-04-24T17:06:47-07:00"},{"@type":"WebSite","@id":"https:\/\/tepachesazon.com\/es\/#website","url":"https:\/\/tepachesazon.com\/es\/","name":"Tepache Saz\u00f3n","description":"Fermented Mexican Tropical Pineapple Fruit Drink","inLanguage":"es-MX","publisher":{"@id":"https:\/\/tepachesazon.com\/es\/#organization"}}]}},"aioseo_meta_data":{"post_id":"64410","title":"Pineapple Tepache #separator_sa Pi\u00f1a y Canela #separator_sa #site_title","description":"We make Tepache Saz\u00f3n from a traditional recipe in the coastal village of San Pancho, Nayarit. We crush and ferment local hand-harvested pineapples with an emphasis on freshness and ripeness.","keywords":"[]","keyphrases":"{\"focus\":{\"keyphrase\":\"\",\"score\":0,\"analysis\":{\"keyphraseInTitle\":{\"score\":0,\"maxScore\":9,\"error\":1}}},\"additional\":[]}","primary_term":null,"canonical_url":null,"og_title":null,"og_description":null,"og_object_type":"default","og_image_type":"default","og_image_url":null,"og_image_width":null,"og_image_height":null,"og_image_custom_url":null,"og_image_custom_fields":null,"og_video":"","og_custom_url":null,"og_article_section":null,"og_article_tags":"[]","twitter_use_og":false,"twitter_card":"default","twitter_image_type":"default","twitter_image_url":null,"twitter_image_custom_url":null,"twitter_image_custom_fields":null,"twitter_title":null,"twitter_description":null,"schema":{"blockGraphs":[],"customGraphs":[],"default":{"data":{"Article":[],"Course":[],"Dataset":[],"FAQPage":[],"Movie":[],"Person":[],"Product":{"id":"#aioseo-product-lhp6zv2h","slug":"product","graphName":"Product","label":"Product","properties":{"autogenerate":false,"name":"#post_title","description":"#post_excerpt","brand":"Tepache Saz\u00f3n","image":"","identifiers":{"sku":"","gtin":"","mpn":"","isbn":""},"offer":{"price":"","currency":"USD","availability":"https:\/\/schema.org\/InStoreOnly","validUntil":""},"attributes":{"material":"","color":"","pattern":"","size":"","energyRating":""},"audience":{"gender":"Unisex","minimumAge":"","maximumAge":""},"rating":{"minimum":1,"maximum":5},"reviews":[{"rating":"","headline":"","content":"","author":""}],"shippingDestinations":[{"type":"country","country":"","postalCodes":[],"states":[],"rate":0,"handlingTime":"","deliveryTime":""}]}},"Recipe":[],"Service":[],"SoftwareApplication":[],"WebPage":[]},"graphName":"","isEnabled":false},"graphs":[]},"schema_type":"default","schema_type_options":null,"pillar_content":false,"robots_default":true,"robots_noindex":false,"robots_noarchive":false,"robots_nosnippet":false,"robots_nofollow":false,"robots_noimageindex":false,"robots_noodp":false,"robots_notranslate":false,"robots_max_snippet":"-1","robots_max_videopreview":"-1","robots_max_imagepreview":"large","priority":"default","frequency":"default","local_seo":null,"limit_modified_date":false,"open_ai":{"title":{"suggestions":[],"usage":0},"description":{"suggestions":[],"usage":0}},"created":"2026-04-24 16:15:36","updated":"2026-04-24 17:07:02"},"_links":{"self":[{"href":"https:\/\/tepachesazon.com\/es\/wp-json\/wp\/v2\/product\/64410"}],"collection":[{"href":"https:\/\/tepachesazon.com\/es\/wp-json\/wp\/v2\/product"}],"about":[{"href":"https:\/\/tepachesazon.com\/es\/wp-json\/wp\/v2\/types\/product"}],"wp:featuredmedia":[{"embeddable":true,"href":"https:\/\/tepachesazon.com\/es\/wp-json\/wp\/v2\/media\/64417"}],"wp:attachment":[{"href":"https:\/\/tepachesazon.com\/es\/wp-json\/wp\/v2\/media?parent=64410"}],"wp:term":[{"taxonomy":"product_cat","embeddable":true,"href":"https:\/\/tepachesazon.com\/es\/wp-json\/wp\/v2\/product_cat?post=64410"},{"taxonomy":"product_tag","embeddable":true,"href":"https:\/\/tepachesazon.com\/es\/wp-json\/wp\/v2\/product_tag?post=64410"}],"curies":[{"name":"wp","href":"https:\/\/api.w.org\/{rel}","templated":true}]}}