{"id":59996,"date":"2023-05-12T16:38:44","date_gmt":"2023-05-12T23:38:44","guid":{"rendered":"https:\/\/tepachesazon.com\/?page_id=59996"},"modified":"2024-02-19T10:51:54","modified_gmt":"2024-02-19T18:51:54","slug":"tepache-sazon-story","status":"publish","type":"page","link":"https:\/\/tepachesazon.com\/es\/tepache-sazon-story\/","title":{"rendered":"Tepache Saz\u00f3n Story"},"content":{"rendered":"<div id=\"custom-html-block_41b1b09458ca5123f83be1d0bb873199\" class=\"wrapper wrapper-default wrapper-variable-gc-pt wrapper-custom-html-block\">\n    <div class=\"container\">\n        <div class=\"container home-hero-feature-video-wrap\"><div class=\"video-height-container\" style=\"padding:56.25% 0 0 0;position:relative;\">\r\n        <iframe src=\"https:\/\/player.vimeo.com\/video\/798020477?h=94abb19372&amp;badge=0&amp;autoplay=0&amp;autopause=0&amp;loop=1&amp;player_id=0&amp;app_id=58479\" frameborder=\"0\" allow=\"autoplay; fullscreen; picture-in-picture\" webkitallowfullscreen=\"\" mozallowfullscreen=\"\" style=\"position:absolute; top:0; left:0; width:100%; height:100%;\" title=\"Tepache 15 sec\" data-ready=\"true\"><\/iframe>\r\n<\/div><\/div><div><script src=\"https:\/\/player.vimeo.com\/api\/player.js\"><\/script><\/div>\r\n\r\n<style>\r\n\r\n.container.home-hero-feature-video-wrap {\r\n    margin-top: 50px;\r\n}\r\n\r\n@media (min-width: 1200px) {\r\n.container.home-hero-feature-video-wrap {\r\n    max-width: 75%;\r\n    margin-top: 80px;\r\n}\r\n}\r\n\r\n<\/style>    <\/div>\n<\/div>\n\n\n<div id=\"content-postcard-highlighter-block_6e8eaafc8cfe5edf49b9bac832f80b2d\"\n     class=\"wrapper wrapper-default wrapper-variable-gc-pt wrapper-block wrapper-feature-postcard content-postcard-highlighter wrapper-what-is-tepache-popular highlighter-paragraph highlighter-para-md-text\">\n    <span class=\"nav-link-span\" id=\"wrapper-what-is-tepache-popular-highlighter-paragraph-highlighter-para-md-text\" tabindex=\"-1\"><\/span>\n    <div class=\"container-fluid pl-0 pr-0 no-bk-image color-flood bg-green\">\n        <section class=\"feature-postcard-container\">\n            <div id=\"post-59996\" class=\"has-left-content feature-hero hero feature-postcard\">\n\n                \n                <div class=\"linear-gradient\"><\/div>\n                <div class=\"features-content row wrapper-variable-gc\">\n                                                                        \n                    \n                    <div class=\"col-12 features-content-text\" style=\"\">\n                        \n                        \n                                                    <div class=\"feature-copy-first\" >\n                                <p>Tepache is a traditional Mexican effervescent drink with origins dating back to the Aztecs. While there is no single recipe for Tepache, all should start with perfectly ripe fruit, botanical herbs or spices and a small amount of piloncillo&nbsp;sugar.<\/p>\n<p>The word &#8220;Saz\u00f3n&#8221; in Mexican culture means the &#8220;special&#8221; touch that makes something unique.<\/p>\n<p>100% Fresh Pineapple<\/p>\n<p>100% Gluten Free<\/p>\n<p>7% ABV<\/p>\n                            <\/div>\n                        \n                        \n                                                    <div class=\"call-to-action-btn feature-link-button mb-0\">\n                                <a class=\"btn btn-light\" href=\"https:\/\/tepachesazon.com\/es\/drink\/tepache-sazon-pineapple-pina-y-canela\/\"\n                                   title=\"Learn More\" type=\"button\" target=\"_self\">\n                                    Learn More                                <\/a>\n                            <\/div>\n                                            <\/div>\n                                                                                        <\/div>\n\n                                            <\/div>\n        <\/section><!-- highlights -->\n            <\/div>\n\n    \n            <style>\r\n.wrapper-what-is-tepache-popular.highlighter-paragraph .feature-copy-first p {\r\n   font-size: 2rem;\r\ncolor: #ffffff;\r\n}\r\n\r\n.wrapper-what-is-tepache-popular.highlighter-paragraph .feature-link-button .btn-light {\r\n   font-size: 1rem;\r\n}\r\n\r\n\r\n<\/style>    <\/div>","protected":false},"excerpt":{"rendered":"<p><span class=\"excerpt\">We make Tepache Saz\u00f3n from a traditional recipe in the village of San Pancho by crushing and fermenting locally hand-harvested pineapples.<\/a><\/span><\/p>\n<p class=\"read-more\"><a class=\"btn btn-light vprstrap-read-more-link\" href=\"https:\/\/tepachesazon.com\/es\/tepache-sazon-story\/\" data-no-translation=\"\" data-trp-gettext=\"\">Read More<\/a><\/p>","protected":false},"author":2,"featured_media":56504,"parent":0,"menu_order":1,"comment_status":"closed","ping_status":"closed","template":"page-templates\/page-landing-blocks.php","meta":[],"acf":{"css_injection":".image-header {\r\n    display: none;\r\n}","header_image_position":{"img_horizontal":"center","img_vertical":"center"},"page_header_use_feature":false},"aioseo_notices":[],"aioseo_head":"\n\t\t<!-- All in One SEO Pro 4.3.7 - aioseo.com -->\n\t\t<meta name=\"description\" content=\"We make Tepache Saz\u00f3n from a traditional recipe in the village of San Pancho by crushing and fermenting locally hand-harvested pineapples.\" \/>\n\t\t<meta name=\"robots\" content=\"max-image-preview:large\" \/>\n\t\t<meta name=\"google-site-verification\" content=\"t_Ije3UyTP6szK2AJY91nLonwyuKodJWMw9w_s5AJek\" \/>\n\t\t<link rel=\"canonical\" href=\"https:\/\/tepachesazon.com\/es\/tepache-sazon-story\/\" \/>\n\t\t<meta name=\"generator\" content=\"All in One SEO Pro (AIOSEO) 4.3.7\" \/>\n\t\t<meta property=\"og:locale\" content=\"es_MX\" \/>\n\t\t<meta property=\"og:site_name\" content=\"Tepache Saz\u00f3n - Fermented Mexican Tropical Pineapple Fruit Drink\" \/>\n\t\t<meta property=\"og:type\" content=\"article\" \/>\n\t\t<meta property=\"og:title\" content=\"Tepache Saz\u00f3n Story - Tepache Saz\u00f3n\" \/>\n\t\t<meta property=\"og:description\" content=\"We make Tepache Saz\u00f3n from a traditional recipe in the village of San Pancho by crushing and fermenting locally hand-harvested pineapples.\" \/>\n\t\t<meta property=\"og:url\" content=\"https:\/\/tepachesazon.com\/es\/tepache-sazon-story\/\" \/>\n\t\t<meta property=\"og:image\" content=\"https:\/\/tepachesazon.com\/wp-content\/uploads\/tepache-sazon-el-gallo-bar-in-san-pancho.jpg\" \/>\n\t\t<meta property=\"og:image:secure_url\" content=\"https:\/\/tepachesazon.com\/wp-content\/uploads\/tepache-sazon-el-gallo-bar-in-san-pancho.jpg\" \/>\n\t\t<meta property=\"og:image:width\" content=\"1920\" \/>\n\t\t<meta property=\"og:image:height\" content=\"1112\" \/>\n\t\t<meta property=\"article:published_time\" content=\"2023-05-12T23:38:44+00:00\" \/>\n\t\t<meta property=\"article:modified_time\" content=\"2024-02-19T18:51:54+00:00\" \/>\n\t\t<meta name=\"twitter:card\" content=\"summary_large_image\" \/>\n\t\t<meta name=\"twitter:title\" content=\"Tepache Saz\u00f3n Story - Tepache Saz\u00f3n\" \/>\n\t\t<meta name=\"twitter:description\" content=\"We make Tepache Saz\u00f3n from a traditional recipe in the village of San Pancho by crushing and fermenting locally hand-harvested pineapples.\" \/>\n\t\t<meta name=\"twitter:image\" content=\"https:\/\/tepachesazon.com\/wp-content\/uploads\/tepache-sazon-el-gallo-bar-in-san-pancho.jpg\" \/>\n\t\t<script type=\"application\/ld+json\" class=\"aioseo-schema\">\n\t\t\t{\"@context\":\"https:\\\/\\\/schema.org\",\"@graph\":[{\"@type\":\"BreadcrumbList\",\"@id\":\"https:\\\/\\\/tepachesazon.com\\\/es\\\/tepache-sazon-story\\\/#breadcrumblist\",\"itemListElement\":[{\"@type\":\"ListItem\",\"@id\":\"https:\\\/\\\/tepachesazon.com\\\/es\\\/#listItem\",\"position\":1,\"item\":{\"@type\":\"WebPage\",\"@id\":\"https:\\\/\\\/tepachesazon.com\\\/es\\\/\",\"name\":\"Home\",\"description\":\"Tepache Saz\\u00f3n is made in the coastal Mexican village of San Pancho, Nayarit. We crush & ferment locally-grown fruit with an emphasis on freshness and ripeness.\",\"url\":\"https:\\\/\\\/tepachesazon.com\\\/es\\\/\"},\"nextItem\":\"https:\\\/\\\/tepachesazon.com\\\/es\\\/tepache-sazon-story\\\/#listItem\"},{\"@type\":\"ListItem\",\"@id\":\"https:\\\/\\\/tepachesazon.com\\\/es\\\/tepache-sazon-story\\\/#listItem\",\"position\":2,\"item\":{\"@type\":\"WebPage\",\"@id\":\"https:\\\/\\\/tepachesazon.com\\\/es\\\/tepache-sazon-story\\\/\",\"name\":\"Tepache Saz\\u00f3n Story\",\"description\":\"We make Tepache Saz\\u00f3n from a traditional recipe in the village of San Pancho by crushing and fermenting locally hand-harvested pineapples.\",\"url\":\"https:\\\/\\\/tepachesazon.com\\\/es\\\/tepache-sazon-story\\\/\"},\"previousItem\":\"https:\\\/\\\/tepachesazon.com\\\/es\\\/#listItem\"}]},{\"@type\":\"Organization\",\"@id\":\"https:\\\/\\\/tepachesazon.com\\\/es\\\/#organization\",\"name\":\"Tepache Saz\\u00f3n\",\"url\":\"https:\\\/\\\/tepachesazon.com\\\/es\\\/\",\"logo\":{\"@type\":\"ImageObject\",\"url\":\"https:\\\/\\\/tepachesazon.com\\\/wp-content\\\/uploads\\\/tepache-sazon-logo.png\",\"@id\":\"https:\\\/\\\/tepachesazon.com\\\/es\\\/#organizationLogo\",\"width\":500,\"height\":229,\"caption\":\"Tepache Sazo\\u0301n logo\"},\"image\":{\"@id\":\"https:\\\/\\\/tepachesazon.com\\\/es\\\/#organizationLogo\"},\"sameAs\":[\"https:\\\/\\\/www.instagram.com\\\/tepachesazon\"]},{\"@type\":\"VideoObject\",\"@id\":\"https:\\\/\\\/tepachesazon.com\\\/es\\\/tepache-sazon-story\\\/#aioseo-video-lhqilsn8\",\"name\":\"Tepache Saz\\u00f3n - Our Story\",\"description\":\"Tepache is an effervescent Mexican beverage made from a variety of fruits, most commonly pineapple. We make Tepache Saz\\u00f3n from a traditional recipe in the coastal village of San Pancho, Nayarit. We crush and ferment local hand-harvested pineapples with an emphasis on freshness and ripeness.\",\"embedUrl\":\"https:\\\/\\\/vimeo.com\\\/798020477\",\"thumbnailUrl\":\"https:\\\/\\\/i.vimeocdn.com\\\/video\\\/1665932121-ca22ddc6641a47c13063e2760173d8583a27bec8667366a5eeb4c0f59fb1897b-d?mw=1300&mh=731\",\"uploadDate\":\"05\\\/01\\\/2023\",\"isFamilyFriendly\":true},{\"@type\":\"WebPage\",\"@id\":\"https:\\\/\\\/tepachesazon.com\\\/es\\\/tepache-sazon-story\\\/#webpage\",\"url\":\"https:\\\/\\\/tepachesazon.com\\\/es\\\/tepache-sazon-story\\\/\",\"name\":\"Tepache Saz\\u00f3n Story - Tepache Saz\\u00f3n\",\"description\":\"We make Tepache Saz\\u00f3n from a traditional recipe in the village of San Pancho by crushing and fermenting locally hand-harvested pineapples.\",\"inLanguage\":\"es-MX\",\"isPartOf\":{\"@id\":\"https:\\\/\\\/tepachesazon.com\\\/es\\\/#website\"},\"breadcrumb\":{\"@id\":\"https:\\\/\\\/tepachesazon.com\\\/es\\\/tepache-sazon-story\\\/#breadcrumblist\"},\"image\":{\"@type\":\"ImageObject\",\"url\":\"https:\\\/\\\/tepachesazon.com\\\/wp-content\\\/uploads\\\/tepache-sazon-el-gallo-bar-in-san-pancho.jpg\",\"@id\":\"https:\\\/\\\/tepachesazon.com\\\/es\\\/#mainImage\",\"width\":1920,\"height\":1112,\"caption\":\"Tepache Sazon - El Gallo Bar in San Pancho\"},\"primaryImageOfPage\":{\"@id\":\"https:\\\/\\\/tepachesazon.com\\\/es\\\/tepache-sazon-story\\\/#mainImage\"},\"datePublished\":\"2023-05-12T23:38:44-07:00\",\"dateModified\":\"2024-02-19T18:51:54-08:00\"},{\"@type\":\"WebSite\",\"@id\":\"https:\\\/\\\/tepachesazon.com\\\/es\\\/#website\",\"url\":\"https:\\\/\\\/tepachesazon.com\\\/es\\\/\",\"name\":\"Tepache Saz\\u00f3n\",\"description\":\"Fermented Mexican Tropical Pineapple Fruit Drink\",\"inLanguage\":\"es-MX\",\"publisher\":{\"@id\":\"https:\\\/\\\/tepachesazon.com\\\/es\\\/#organization\"}}]}\n\t\t<\/script>\n\t\t<!-- All in One SEO Pro -->\r\n\t\t<title>Tepache Saz\u00f3n Story - Tepache Saz\u00f3n<\/title>\n\n","aioseo_head_json":{"title":"Tepache Saz\u00f3n Story - Tepache Saz\u00f3n","description":"We make Tepache Saz\u00f3n from a traditional recipe in the village of San Pancho by crushing and fermenting locally hand-harvested pineapples.","canonical_url":"https:\/\/tepachesazon.com\/es\/tepache-sazon-story\/","robots":"max-image-preview:large","keywords":"","webmasterTools":{"google-site-verification":"t_Ije3UyTP6szK2AJY91nLonwyuKodJWMw9w_s5AJek","miscellaneous":""},"og:locale":"es_MX","og:site_name":"Tepache Saz\u00f3n - Fermented Mexican Tropical Pineapple Fruit Drink","og:type":"article","og:title":"Tepache Saz\u00f3n Story - Tepache Saz\u00f3n","og:description":"We make Tepache Saz\u00f3n from a traditional recipe in the village of San Pancho by crushing and fermenting locally hand-harvested pineapples.","og:url":"https:\/\/tepachesazon.com\/es\/tepache-sazon-story\/","og:image":"https:\/\/tepachesazon.com\/wp-content\/uploads\/tepache-sazon-el-gallo-bar-in-san-pancho.jpg","og:image:secure_url":"https:\/\/tepachesazon.com\/wp-content\/uploads\/tepache-sazon-el-gallo-bar-in-san-pancho.jpg","og:image:width":1920,"og:image:height":1112,"article:published_time":"2023-05-12T23:38:44+00:00","article:modified_time":"2024-02-19T18:51:54+00:00","twitter:card":"summary_large_image","twitter:title":"Tepache Saz\u00f3n Story - Tepache Saz\u00f3n","twitter:description":"We make Tepache Saz\u00f3n from a traditional recipe in the village of San Pancho by crushing and fermenting locally hand-harvested pineapples.","twitter:image":"https:\/\/tepachesazon.com\/wp-content\/uploads\/tepache-sazon-el-gallo-bar-in-san-pancho.jpg","schema":{"@context":"https:\/\/schema.org","@graph":[{"@type":"BreadcrumbList","@id":"https:\/\/tepachesazon.com\/es\/tepache-sazon-story\/#breadcrumblist","itemListElement":[{"@type":"ListItem","@id":"https:\/\/tepachesazon.com\/es\/#listItem","position":1,"item":{"@type":"WebPage","@id":"https:\/\/tepachesazon.com\/es\/","name":"Home","description":"Tepache Saz\u00f3n is made in the coastal Mexican village of San Pancho, Nayarit. We crush & ferment locally-grown fruit with an emphasis on freshness and ripeness.","url":"https:\/\/tepachesazon.com\/es\/"},"nextItem":"https:\/\/tepachesazon.com\/es\/tepache-sazon-story\/#listItem"},{"@type":"ListItem","@id":"https:\/\/tepachesazon.com\/es\/tepache-sazon-story\/#listItem","position":2,"item":{"@type":"WebPage","@id":"https:\/\/tepachesazon.com\/es\/tepache-sazon-story\/","name":"Tepache Saz\u00f3n Story","description":"We make Tepache Saz\u00f3n from a traditional recipe in the village of San Pancho by crushing and fermenting locally hand-harvested pineapples.","url":"https:\/\/tepachesazon.com\/es\/tepache-sazon-story\/"},"previousItem":"https:\/\/tepachesazon.com\/es\/#listItem"}]},{"@type":"Organization","@id":"https:\/\/tepachesazon.com\/es\/#organization","name":"Tepache Saz\u00f3n","url":"https:\/\/tepachesazon.com\/es\/","logo":{"@type":"ImageObject","url":"https:\/\/tepachesazon.com\/wp-content\/uploads\/tepache-sazon-logo.png","@id":"https:\/\/tepachesazon.com\/es\/#organizationLogo","width":500,"height":229,"caption":"Tepache Sazo\u0301n logo"},"image":{"@id":"https:\/\/tepachesazon.com\/es\/#organizationLogo"},"sameAs":["https:\/\/www.instagram.com\/tepachesazon"]},{"@type":"VideoObject","@id":"https:\/\/tepachesazon.com\/es\/tepache-sazon-story\/#aioseo-video-lhqilsn8","name":"Tepache Saz\u00f3n - Our Story","description":"Tepache is an effervescent Mexican beverage made from a variety of fruits, most commonly pineapple. We make Tepache Saz\u00f3n from a traditional recipe in the coastal village of San Pancho, Nayarit. We crush and ferment local hand-harvested pineapples with an emphasis on freshness and ripeness.","embedUrl":"https:\/\/vimeo.com\/798020477","thumbnailUrl":"https:\/\/i.vimeocdn.com\/video\/1665932121-ca22ddc6641a47c13063e2760173d8583a27bec8667366a5eeb4c0f59fb1897b-d?mw=1300&mh=731","uploadDate":"05\/01\/2023","isFamilyFriendly":true},{"@type":"WebPage","@id":"https:\/\/tepachesazon.com\/es\/tepache-sazon-story\/#webpage","url":"https:\/\/tepachesazon.com\/es\/tepache-sazon-story\/","name":"Tepache Saz\u00f3n Story - Tepache Saz\u00f3n","description":"We make Tepache Saz\u00f3n from a traditional recipe in the village of San Pancho by crushing and fermenting locally hand-harvested pineapples.","inLanguage":"es-MX","isPartOf":{"@id":"https:\/\/tepachesazon.com\/es\/#website"},"breadcrumb":{"@id":"https:\/\/tepachesazon.com\/es\/tepache-sazon-story\/#breadcrumblist"},"image":{"@type":"ImageObject","url":"https:\/\/tepachesazon.com\/wp-content\/uploads\/tepache-sazon-el-gallo-bar-in-san-pancho.jpg","@id":"https:\/\/tepachesazon.com\/es\/#mainImage","width":1920,"height":1112,"caption":"Tepache Sazon - El Gallo Bar in San Pancho"},"primaryImageOfPage":{"@id":"https:\/\/tepachesazon.com\/es\/tepache-sazon-story\/#mainImage"},"datePublished":"2023-05-12T23:38:44-07:00","dateModified":"2024-02-19T18:51:54-08:00"},{"@type":"WebSite","@id":"https:\/\/tepachesazon.com\/es\/#website","url":"https:\/\/tepachesazon.com\/es\/","name":"Tepache Saz\u00f3n","description":"Fermented Mexican Tropical Pineapple Fruit Drink","inLanguage":"es-MX","publisher":{"@id":"https:\/\/tepachesazon.com\/es\/#organization"}}]}},"aioseo_meta_data":{"post_id":"59996","title":null,"description":null,"keywords":"[]","keyphrases":"{\"focus\":{\"keyphrase\":\"\",\"score\":0,\"analysis\":{\"keyphraseInTitle\":{\"score\":0,\"maxScore\":9,\"error\":1}}},\"additional\":[]}","primary_term":null,"canonical_url":null,"og_title":null,"og_description":null,"og_object_type":"default","og_image_type":"default","og_image_url":null,"og_image_width":null,"og_image_height":null,"og_image_custom_url":null,"og_image_custom_fields":null,"og_video":"","og_custom_url":null,"og_article_section":null,"og_article_tags":"[]","twitter_use_og":false,"twitter_card":"default","twitter_image_type":"default","twitter_image_url":null,"twitter_image_custom_url":null,"twitter_image_custom_fields":null,"twitter_title":null,"twitter_description":null,"schema":{"blockGraphs":[],"customGraphs":[],"default":{"data":{"Article":[],"Course":[],"Dataset":[],"FAQPage":[],"Movie":[],"Person":[],"Product":[],"Recipe":[],"Service":[],"SoftwareApplication":[],"WebPage":[]},"graphName":"","isEnabled":true},"graphs":[{"id":"#aioseo-video-lhqilsn8","slug":"video","graphName":"Video","label":"Video","properties":{"name":"#site_title - Our Story","description":"Tepache is an effervescent Mexican beverage made from a variety of fruits, most commonly pineapple. We make Tepache Saz\u00f3n from a traditional recipe in the coastal village of San Pancho, Nayarit. We crush and ferment local hand-harvested pineapples with an emphasis on freshness and ripeness.","uploadDate":"05\/01\/2023","contentUrl":"","embedUrl":"https:\/\/vimeo.com\/798020477","thumbnailUrl":"https:\/\/i.vimeocdn.com\/video\/1665932121-ca22ddc6641a47c13063e2760173d8583a27bec8667366a5eeb4c0f59fb1897b-d?mw=1300&mh=731","duration":"","familyFriendly":true}}]},"schema_type":"default","schema_type_options":null,"pillar_content":false,"robots_default":true,"robots_noindex":false,"robots_noarchive":false,"robots_nosnippet":false,"robots_nofollow":false,"robots_noimageindex":false,"robots_noodp":false,"robots_notranslate":false,"robots_max_snippet":"-1","robots_max_videopreview":"-1","robots_max_imagepreview":"large","priority":"default","frequency":"default","local_seo":null,"limit_modified_date":false,"open_ai":{"title":{"suggestions":[],"usage":0},"description":{"suggestions":[],"usage":0}},"created":"2023-05-15 17:31:29","updated":"2024-02-19 18:52:55"},"_links":{"self":[{"href":"https:\/\/tepachesazon.com\/es\/wp-json\/wp\/v2\/pages\/59996"}],"collection":[{"href":"https:\/\/tepachesazon.com\/es\/wp-json\/wp\/v2\/pages"}],"about":[{"href":"https:\/\/tepachesazon.com\/es\/wp-json\/wp\/v2\/types\/page"}],"author":[{"embeddable":true,"href":"https:\/\/tepachesazon.com\/es\/wp-json\/wp\/v2\/users\/2"}],"replies":[{"embeddable":true,"href":"https:\/\/tepachesazon.com\/es\/wp-json\/wp\/v2\/comments?post=59996"}],"version-history":[{"count":22,"href":"https:\/\/tepachesazon.com\/es\/wp-json\/wp\/v2\/pages\/59996\/revisions"}],"predecessor-version":[{"id":61482,"href":"https:\/\/tepachesazon.com\/es\/wp-json\/wp\/v2\/pages\/59996\/revisions\/61482"}],"wp:featuredmedia":[{"embeddable":true,"href":"https:\/\/tepachesazon.com\/es\/wp-json\/wp\/v2\/media\/56504"}],"wp:attachment":[{"href":"https:\/\/tepachesazon.com\/es\/wp-json\/wp\/v2\/media?parent=59996"}],"curies":[{"name":"wp","href":"https:\/\/api.w.org\/{rel}","templated":true}]}}