{"id":59655,"date":"2023-04-11T16:22:41","date_gmt":"2023-04-11T23:22:41","guid":{"rendered":"https:\/\/cardblx-318-vapor2-tepache-sazon.pantheonsite.io\/?page_id=59655"},"modified":"2026-04-06T08:08:47","modified_gmt":"2026-04-06T15:08:47","slug":"about-us","status":"publish","type":"page","link":"https:\/\/tepachesazon.com\/es\/nosotros\/","title":{"rendered":"Nosotros"},"content":{"rendered":"<div id=\"content-card-wide-block_abf51987d1d4ab0c1138b10b57eb6b1e\"\n     class=\"wrapper wrapper-default wrapper-variable-gc-pt wrapper-block wrapper-feature content-card-wide wrapper-about-us-our-team card-wide-back-text has-background-svg\">\n    <div class=\"container\">\n        <section class=\"highlight-single\">\n            <div class=\"row\">\n                <div class=\"feature-card-wide col\">\n                    <div class=\"feature-card\">\n                        <div class=\"row d-flex flex-md-row-reverse\">\n                            <div class=\"col-md-6 img-content-col\">\n                                <div class=\"feature-video-wrap\">\n<div style=\"padding:56.25% 0 0 0;position:relative;\">\n<p>        <iframe src=\"https:\/\/player.vimeo.com\/video\/798020477?h=94abb19372&amp;badge=0&amp;autoplay=0&amp;autopause=0&amp;loop=1&amp;player_id=0&amp;app_id=58479\" frameborder=\"0\" allow=\"autoplay; fullscreen; picture-in-picture\" webkitallowfullscreen=\"\" mozallowfullscreen=\"\" style=\"position:absolute; top:0; left:0; width:100%; height:100%;\" title=\"Tepache 15 sec\" data-ready=\"true\"><\/iframe><\/p><\/div>\n<\/div>\n\n                                \n                            <\/div>\n\n                            <div class=\"col-md-6 content-col\" style=\"display: flex; align-items: center;\">\n\n                                <div class=\"feature-text-col col\">\n                                    <div class=\"feature-text\">\n                                        <h3>\n                                                                                        <span class=\"feature-headline\">\n                                                Nuestro Equipo                                            <\/span>\n                                        <\/h3>\n                                                                                                                                                                    <div class=\"feature-copy-first\">\n                                                <p>Detr\u00e1s de cada botella de tepache est\u00e1 nuestro dedicado equipo de tepacheros que inculcan su pasi\u00f3n y amor por esta rica bebida. Estamos orgullosos de elaborar una bebida tradicional mexicana y compartir el sabor de nuestra cultura con el mundo. Juntos somos embajadores del aut\u00e9ntico tepache.<\/p>\n<p><strong>Escucha nuestra historia &gt;<\/strong><\/p>\n                                            <\/div>\n                                                                                                                                                            <\/div>\n                                <\/div>\n                                \n                            <\/div>\n                        <\/div>\n                    <\/div>\n                <\/div>\n            <\/div>\n        <\/section><!-- highlight-single -->\n    <\/div>\n    <div class=\"bk-text\"><img decoding=\"async\" style=\"opacity:.50;\" class=\"d-none d-lg-block\" src=\"\/wp-content\/uploads\/tepache-sazon-about-us-hear-our-story.svg\" alt=\"Hear Our Story\"><\/div>\n            <style>\r\n@media only screen and (max-width: 767px) {\r\n    .wrapper-about-us-our-team .feature-card .flex-md-row-reverse {\r\n        flex-direction: column-reverse !important;\r\n    }\r\n    .wrapper-about-us-our-team .feature-card .content-col {\r\n        padding-top: 0;\r\n    }\r\n\r\n    .wrapper-about-us-our-team .img-content-col {\r\n        padding-top: calc(84px\/3);\r\n    }\r\n}\r\n<\/style>    \n<\/div>\n\n\n\n<div id=\"content-card-wide-block_400e556e54a01ed05278a675c382cf37\"\n     class=\"wrapper wrapper-default wrapper-variable-gc-pt wrapper-block wrapper-feature content-card-wide wrapper-our-home-in-san-pancho card-wide-back-text has-background-svg\">\n    <div class=\"container un-reverse\">\n        <section class=\"highlight-single\">\n            <div class=\"row\">\n                <div class=\"feature-card-wide col\">\n                    <div class=\"feature-card\">\n                        <div class=\"row d-flex flex-md-row-reverse\">\n                            <div class=\"col-md-6 img-content-col\">\n                                \n                                                                    <div class=\"feature-img-col\">\n                                        \n                                                                                                                                        <div class=\"feature-img feature-img-tag\">\n                                                    <div class=\"feature-bck-img\">\n                                                        <div class=\"img-tag-positioning\">\n                                                                                                                        <img width=\"640\" height=\"427\" src=\"https:\/\/tepachesazon.com\/wp-content\/uploads\/tepache-sazon-our-process-fruit-fields-dark-sky.jpg\" class=\"content-card-wide-block_400e556e54a01ed05278a675c382cf37-feat-img\" alt=\"\" decoding=\"async\" loading=\"lazy\" style=\"object-position: right center;\" srcset=\"https:\/\/tepachesazon.com\/wp-content\/uploads\/tepache-sazon-our-process-fruit-fields-dark-sky.jpg 1920w, https:\/\/tepachesazon.com\/wp-content\/uploads\/tepache-sazon-our-process-fruit-fields-dark-sky-600x400.jpg 600w, https:\/\/tepachesazon.com\/wp-content\/uploads\/tepache-sazon-our-process-fruit-fields-dark-sky-768x512.jpg 768w, https:\/\/tepachesazon.com\/wp-content\/uploads\/tepache-sazon-our-process-fruit-fields-dark-sky-1536x1024.jpg 1536w, https:\/\/tepachesazon.com\/wp-content\/uploads\/tepache-sazon-our-process-fruit-fields-dark-sky-120x80.jpg 120w\" sizes=\"(max-width: 640px) 100vw, 640px\" \/>                                                        <\/div>\n                                                    <\/div>\n                                                <\/div>\n                                            \n                                            \n                                    <\/div>\n                                \n                            <\/div>\n\n                            <div class=\"col-md-6 content-col\" style=\"display: flex; align-items: center;\">\n\n                                <div class=\"feature-text-col col\">\n                                    <div class=\"feature-text\">\n                                        <h3>\n                                                                                        <span class=\"feature-headline\">\n                                                Nuestro hogar en San Pancho                                            <\/span>\n                                        <\/h3>\n                                                                                                                                                                    <div class=\"feature-copy-first\">\n                                                <p>El pueblo de San Pancho y la regi\u00f3n costera que lo rodea es un lugar verdaderamente \u00fanico e inculca los pilares de comunidad, sustentabilidad y autenticidad que gu\u00edan cada decisi\u00f3n que tomamos. Desde las puntas de las monta\u00f1as cubiertas de selva tropical hasta el oleaje salvaje y playas v\u00edrgenes del oc\u00e9ano pac\u00edfico, esta regi\u00f3n est\u00e1 llena de maravillas naturales repletas de frutas tropicales.<\/p>\n                                            <\/div>\n                                                                                                                                                            <\/div>\n                                <\/div>\n                                \n                            <\/div>\n                        <\/div>\n                    <\/div>\n                <\/div>\n            <\/div>\n        <\/section><!-- highlight-single -->\n    <\/div>\n    <div class=\"bk-text\"><div style=\"display:none;\">\r\n    <img decoding=\"async\" class=\"d-none d-lg-block\" src=\"\/wp-content\/uploads\/tepache-sazon-pacific-coast-mexico.svg\"\r\n         alt=\"Pacific Coast Mexico\">\r\n    <img decoding=\"async\" style=\"display:none;\" class=\"d-lg-none\" src=\"\/wp-content\/uploads\/tepache-sazon-pacific-coast-mexico-rotate.svg\"\r\n         alt=\"Pacific Coast Mexico background text\">\r\n<\/div><\/div>\n            <style>\r\n.wrapper-our-home-in-san-pancho .feature-text h3 {\r\n    margin: auto;\r\n}\r\n.wrapper-our-home-in-san-pancho .feature-card-wide .feature-card .feature-bck-img {\r\n    padding-top: 70%;\r\n}\r\n\r\nhtml[lang=\"es-ES\"] .wrapper-our-home-in-san-pancho.card-wide-back-text.has-background-svg .bk-text {\r\n    max-width: 1650px;\r\n}\r\n<\/style>    \n<\/div>\n\n\n\n<div id=\"content-postcard-highlighter-block_0503d1c2a2beff9ec803ae822ae06032\"\n     class=\"wrapper wrapper-default wrapper-variable-gc-pt wrapper-block wrapper-feature-postcard content-postcard-highlighter wrapper-our-home-map\">\n    <span class=\"nav-link-span\" id=\"wrapper-our-home-map\" tabindex=\"-1\"><\/span>\n    <div class=\"container-fluid pl-0 pr-0 wrapper-variable-gc bk-image-png wrapper-no-padding-bottom\">\n        <section class=\"feature-postcard-container\">\n            <div id=\"post-59655\" class=\"has-left-content feature-hero hero feature-postcard\">\n\n                                    <div class=\"feature-img feature-img-tag\">\n                        <div class=\"feature-bck-img\">\n                            <div class=\"img-tag-positioning\">\n                                                                <img src=\"https:\/\/tepachesazon.com\/wp-content\/uploads\/tepache-sazon-san-pancho-mexico-map-sized.svg\" class=\"content-postcard-highlighter-block_0503d1c2a2beff9ec803ae822ae06032-feat-img\" alt=\"\" decoding=\"async\" loading=\"lazy\" style=\"\" \/>                            <\/div>\n                        <\/div>\n                    <\/div>\n                \n                <div class=\"linear-gradient\"><\/div>\n                <div class=\"features-content row wrapper-variable-gc\">\n                                                                                <div class=\"feature-sticker col-12\">\n                                    <img decoding=\"async\" class=\"img-fluid\"\n                                         src=\"https:\/\/tepachesazon.com\/wp-content\/uploads\/tepache-sazon-illustration-jumping-fish-green-sized.svg\" >\n                                <\/div>\n                                                    \n                    \n                    <div class=\"col-12 features-content-text\" style=\"\">\n                        \n                        \n                        \n                        \n                                            <\/div>\n                                                                                        <\/div>\n\n                                            <\/div>\n        <\/section><!-- highlights -->\n            <\/div>\n\n    \n            <style>\r\n.wrapper-our-home-map {\r\n    z-index: 1;\r\n}\r\n\r\n@media only screen and (max-width: 767px) {\r\n    .wrapper-our-home-map.wrapper-block {\r\n        margin-top: -30px;\r\n    }\r\n}\r\n@media only screen and (min-width: 768px) and (max-width: 991px) {\r\n    .wrapper-our-home-map.wrapper-block {\r\n        margin-top: -45px;\r\n    }\r\n}\r\n\r\n.wrapper-our-home-map .wrapper-variable-gc {\r\n    padding-top: 0;\r\n}\r\n\r\n.wrapper-our-home-map .feature-hero .feature-img-tag img {\r\n    object-fit: contain;\r\n}\r\n\r\n.wrapper-our-home-map .bg-green .feature-copy-first {\r\n    color: #fff;\r\n}\r\n\r\n.wrapper-our-home-map .feature-postcard .feature-headline {\r\n    font-size: 2.27rem;\r\n}\r\n\r\n.wrapper-our-home-map .feature-sticker svg, \r\n.wrapper-our-home-map .feature-sticker img {\r\n    max-width: 130px;\r\n}\r\n\r\n.wrapper-our-home-map .feature-postcard .feature-sticker {\r\n    position: absolute;\r\n    text-align: right;\r\n}\r\n\r\n@media only screen and (max-width: 767px){\r\n   \/* .wrapper-our-home-map .feature-hero {\r\n            background-image: url(\/wp-content\/uploads\/tepache-sazon-san-pancho-mexico-map.svg);\r\n            background-position: +40% center;\r\n            background-size: cover;\r\n            min-height: 100vw;\r\n    }*\/\r\n    .wrapper-our-home-map .feature-postcard .feature-sticker {\r\n            top: 0;\r\n            right: 0;\r\n    }\r\n    .wrapper-our-home-map .feature-sticker img,\r\n.wrapper-our-home-map .feature-sticker svg {\r\n            max-width: 80px;\r\n    }\r\n}\r\n\r\n@media only screen and (min-width: 768px) {\r\n   \/* .wrapper-our-home-map .feature-hero {\r\n            background-image: url(\/wp-content\/uploads\/tepache-sazon-san-pancho-mexico-map.svg);\r\n            background-position: center center;\r\n            background-size: contain;\r\n    }*\/\r\n    .wrapper-our-home-map .feature-postcard .feature-sticker {\r\n            top: 12%;\r\n            right: 15%;\r\n    }\r\n}\r\n\r\n@media only screen and (min-width: 992px) {\r\n    .wrapper-our-home-map .feature-hero .feature-img-tag img {\r\n            object-position: center center;\r\n            object-fit: contain;\r\n    }\r\n    .wrapper-our-home-map .feature-postcard .feature-sticker {\r\n            top: 17.5%;\r\n            right: 25%;\r\n    }\r\n}\r\n<\/style>    <\/div>","protected":false},"excerpt":{"rendered":"<p><span class=\"excerpt\">Detr\u00e1s de cada botella de Tepache Saz\u00f3n est\u00e1 nuestro dedicado equipo de tepacheros que inculcan su pasi\u00f3n y amor por esta rica bebida.<\/a><\/span><\/p>\n<p class=\"read-more\"><a class=\"btn btn-light vprstrap-read-more-link\" href=\"https:\/\/tepachesazon.com\/es\/nosotros\/\" data-no-translation=\"\" data-trp-gettext=\"\">Read More<\/a><\/p>","protected":false},"author":2,"featured_media":63961,"parent":0,"menu_order":3,"comment_status":"closed","ping_status":"closed","template":"page-templates\/page-landing-blocks.php","meta":[],"acf":{"css_injection":".image-header .features-content-text h1,\r\n.image-header .features-content-text h2 {\r\n    backdrop-filter: blur(2px);\r\n    -webkit-backdrop-filter: blur(2px);\r\n    -moz-backdrop-filter: blur(2px);\r\n    -ms-backdrop-filter: blur(2px);\r\n}","header_image_position":{"img_horizontal":"center","img_vertical":"center"},"page_header_use_feature":false},"aioseo_notices":[],"aioseo_head":"\n\t\t<!-- All in One SEO Pro 4.3.7 - aioseo.com -->\n\t\t<meta name=\"description\" content=\"Behind every bottle of Tepache Saz\u00f3n is our dedicated team of tepacheros who instill their passion and love for this bebida rica.\" \/>\n\t\t<meta name=\"robots\" content=\"max-image-preview:large\" \/>\n\t\t<meta name=\"google-site-verification\" content=\"t_Ije3UyTP6szK2AJY91nLonwyuKodJWMw9w_s5AJek\" \/>\n\t\t<link rel=\"canonical\" href=\"https:\/\/tepachesazon.com\/es\/nosotros\/\" \/>\n\t\t<meta name=\"generator\" content=\"All in One SEO Pro (AIOSEO) 4.3.7\" \/>\n\t\t<meta property=\"og:locale\" content=\"es_MX\" \/>\n\t\t<meta property=\"og:site_name\" content=\"Tepache Saz\u00f3n - Fermented Mexican Tropical Pineapple Fruit Drink\" \/>\n\t\t<meta property=\"og:type\" content=\"article\" \/>\n\t\t<meta property=\"og:title\" content=\"About Us - Tepache Saz\u00f3n\" \/>\n\t\t<meta property=\"og:description\" content=\"Behind every bottle of Tepache Saz\u00f3n is our dedicated team of tepacheros who instill their passion and love for this bebida rica.\" \/>\n\t\t<meta property=\"og:url\" content=\"https:\/\/tepachesazon.com\/es\/nosotros\/\" \/>\n\t\t<meta property=\"og:image\" content=\"https:\/\/tepachesazon.com\/wp-content\/uploads\/tepache-sazon-about-us.jpg\" \/>\n\t\t<meta property=\"og:image:secure_url\" content=\"https:\/\/tepachesazon.com\/wp-content\/uploads\/tepache-sazon-about-us.jpg\" \/>\n\t\t<meta property=\"og:image:width\" content=\"2000\" \/>\n\t\t<meta property=\"og:image:height\" content=\"1213\" \/>\n\t\t<meta property=\"article:published_time\" content=\"2023-04-11T23:22:41+00:00\" \/>\n\t\t<meta property=\"article:modified_time\" content=\"2026-04-06T15:08:47+00:00\" \/>\n\t\t<meta name=\"twitter:card\" content=\"summary_large_image\" \/>\n\t\t<meta name=\"twitter:title\" content=\"About Us - Tepache Saz\u00f3n\" \/>\n\t\t<meta name=\"twitter:description\" content=\"Behind every bottle of Tepache Saz\u00f3n is our dedicated team of tepacheros who instill their passion and love for this bebida rica.\" \/>\n\t\t<meta name=\"twitter:image\" content=\"https:\/\/tepachesazon.com\/wp-content\/uploads\/tepache-sazon-about-us.jpg\" \/>\n\t\t<script type=\"application\/ld+json\" class=\"aioseo-schema\">\n\t\t\t{\"@context\":\"https:\\\/\\\/schema.org\",\"@graph\":[{\"@type\":\"BreadcrumbList\",\"@id\":\"https:\\\/\\\/tepachesazon.com\\\/es\\\/nosotros\\\/#breadcrumblist\",\"itemListElement\":[{\"@type\":\"ListItem\",\"@id\":\"https:\\\/\\\/tepachesazon.com\\\/es\\\/#listItem\",\"position\":1,\"item\":{\"@type\":\"WebPage\",\"@id\":\"https:\\\/\\\/tepachesazon.com\\\/es\\\/\",\"name\":\"Home\",\"description\":\"Tepache Saz\\u00f3n is made in the coastal Mexican village of San Pancho, Nayarit. We crush & ferment locally-grown fruit with an emphasis on freshness and ripeness.\",\"url\":\"https:\\\/\\\/tepachesazon.com\\\/es\\\/\"},\"nextItem\":\"https:\\\/\\\/tepachesazon.com\\\/es\\\/nosotros\\\/#listItem\"},{\"@type\":\"ListItem\",\"@id\":\"https:\\\/\\\/tepachesazon.com\\\/es\\\/nosotros\\\/#listItem\",\"position\":2,\"item\":{\"@type\":\"WebPage\",\"@id\":\"https:\\\/\\\/tepachesazon.com\\\/es\\\/nosotros\\\/\",\"name\":\"About Us\",\"description\":\"Behind every bottle of Tepache Saz\\u00f3n is our dedicated team of tepacheros who instill their passion and love for this bebida rica.\",\"url\":\"https:\\\/\\\/tepachesazon.com\\\/es\\\/nosotros\\\/\"},\"previousItem\":\"https:\\\/\\\/tepachesazon.com\\\/es\\\/#listItem\"}]},{\"@type\":\"Organization\",\"@id\":\"https:\\\/\\\/tepachesazon.com\\\/es\\\/#organization\",\"name\":\"Tepache Saz\\u00f3n\",\"url\":\"https:\\\/\\\/tepachesazon.com\\\/es\\\/\",\"logo\":{\"@type\":\"ImageObject\",\"url\":\"https:\\\/\\\/tepachesazon.com\\\/wp-content\\\/uploads\\\/tepache-sazon-logo.png\",\"@id\":\"https:\\\/\\\/tepachesazon.com\\\/es\\\/#organizationLogo\",\"width\":500,\"height\":229,\"caption\":\"Tepache Sazo\\u0301n logo\"},\"image\":{\"@id\":\"https:\\\/\\\/tepachesazon.com\\\/es\\\/#organizationLogo\"},\"sameAs\":[\"https:\\\/\\\/www.instagram.com\\\/tepachesazon\"]},{\"@type\":\"WebPage\",\"@id\":\"https:\\\/\\\/tepachesazon.com\\\/es\\\/nosotros\\\/#webpage\",\"url\":\"https:\\\/\\\/tepachesazon.com\\\/es\\\/nosotros\\\/\",\"name\":\"About Us - Tepache Saz\\u00f3n\",\"description\":\"Behind every bottle of Tepache Saz\\u00f3n is our dedicated team of tepacheros who instill their passion and love for this bebida rica.\",\"inLanguage\":\"es-MX\",\"isPartOf\":{\"@id\":\"https:\\\/\\\/tepachesazon.com\\\/es\\\/#website\"},\"breadcrumb\":{\"@id\":\"https:\\\/\\\/tepachesazon.com\\\/es\\\/nosotros\\\/#breadcrumblist\"},\"image\":{\"@type\":\"ImageObject\",\"url\":\"https:\\\/\\\/tepachesazon.com\\\/wp-content\\\/uploads\\\/tepache-sazon-about-us.jpg\",\"@id\":\"https:\\\/\\\/tepachesazon.com\\\/es\\\/#mainImage\",\"width\":2000,\"height\":1213},\"primaryImageOfPage\":{\"@id\":\"https:\\\/\\\/tepachesazon.com\\\/es\\\/nosotros\\\/#mainImage\"},\"datePublished\":\"2023-04-11T23:22:41-07:00\",\"dateModified\":\"2026-04-06T15:08:47-07:00\"},{\"@type\":\"WebSite\",\"@id\":\"https:\\\/\\\/tepachesazon.com\\\/es\\\/#website\",\"url\":\"https:\\\/\\\/tepachesazon.com\\\/es\\\/\",\"name\":\"Tepache Saz\\u00f3n\",\"description\":\"Fermented Mexican Tropical Pineapple Fruit Drink\",\"inLanguage\":\"es-MX\",\"publisher\":{\"@id\":\"https:\\\/\\\/tepachesazon.com\\\/es\\\/#organization\"}}]}\n\t\t<\/script>\n\t\t<!-- All in One SEO Pro -->\r\n\t\t<title>About Us - Tepache Saz\u00f3n<\/title>\n\n","aioseo_head_json":{"title":"About Us - Tepache Saz\u00f3n","description":"Behind every bottle of Tepache Saz\u00f3n is our dedicated team of tepacheros who instill their passion and love for this bebida rica.","canonical_url":"https:\/\/tepachesazon.com\/es\/nosotros\/","robots":"max-image-preview:large","keywords":"","webmasterTools":{"google-site-verification":"t_Ije3UyTP6szK2AJY91nLonwyuKodJWMw9w_s5AJek","miscellaneous":""},"og:locale":"es_MX","og:site_name":"Tepache Saz\u00f3n - Fermented Mexican Tropical Pineapple Fruit Drink","og:type":"article","og:title":"About Us - Tepache Saz\u00f3n","og:description":"Behind every bottle of Tepache Saz\u00f3n is our dedicated team of tepacheros who instill their passion and love for this bebida rica.","og:url":"https:\/\/tepachesazon.com\/es\/nosotros\/","og:image":"https:\/\/tepachesazon.com\/wp-content\/uploads\/tepache-sazon-about-us.jpg","og:image:secure_url":"https:\/\/tepachesazon.com\/wp-content\/uploads\/tepache-sazon-about-us.jpg","og:image:width":2000,"og:image:height":1213,"article:published_time":"2023-04-11T23:22:41+00:00","article:modified_time":"2026-04-06T15:08:47+00:00","twitter:card":"summary_large_image","twitter:title":"About Us - Tepache Saz\u00f3n","twitter:description":"Behind every bottle of Tepache Saz\u00f3n is our dedicated team of tepacheros who instill their passion and love for this bebida rica.","twitter:image":"https:\/\/tepachesazon.com\/wp-content\/uploads\/tepache-sazon-about-us.jpg","schema":{"@context":"https:\/\/schema.org","@graph":[{"@type":"BreadcrumbList","@id":"https:\/\/tepachesazon.com\/es\/nosotros\/#breadcrumblist","itemListElement":[{"@type":"ListItem","@id":"https:\/\/tepachesazon.com\/es\/#listItem","position":1,"item":{"@type":"WebPage","@id":"https:\/\/tepachesazon.com\/es\/","name":"Home","description":"Tepache Saz\u00f3n is made in the coastal Mexican village of San Pancho, Nayarit. We crush & ferment locally-grown fruit with an emphasis on freshness and ripeness.","url":"https:\/\/tepachesazon.com\/es\/"},"nextItem":"https:\/\/tepachesazon.com\/es\/nosotros\/#listItem"},{"@type":"ListItem","@id":"https:\/\/tepachesazon.com\/es\/nosotros\/#listItem","position":2,"item":{"@type":"WebPage","@id":"https:\/\/tepachesazon.com\/es\/nosotros\/","name":"About Us","description":"Behind every bottle of Tepache Saz\u00f3n is our dedicated team of tepacheros who instill their passion and love for this bebida rica.","url":"https:\/\/tepachesazon.com\/es\/nosotros\/"},"previousItem":"https:\/\/tepachesazon.com\/es\/#listItem"}]},{"@type":"Organization","@id":"https:\/\/tepachesazon.com\/es\/#organization","name":"Tepache Saz\u00f3n","url":"https:\/\/tepachesazon.com\/es\/","logo":{"@type":"ImageObject","url":"https:\/\/tepachesazon.com\/wp-content\/uploads\/tepache-sazon-logo.png","@id":"https:\/\/tepachesazon.com\/es\/#organizationLogo","width":500,"height":229,"caption":"Tepache Sazo\u0301n logo"},"image":{"@id":"https:\/\/tepachesazon.com\/es\/#organizationLogo"},"sameAs":["https:\/\/www.instagram.com\/tepachesazon"]},{"@type":"WebPage","@id":"https:\/\/tepachesazon.com\/es\/nosotros\/#webpage","url":"https:\/\/tepachesazon.com\/es\/nosotros\/","name":"About Us - Tepache Saz\u00f3n","description":"Behind every bottle of Tepache Saz\u00f3n is our dedicated team of tepacheros who instill their passion and love for this bebida rica.","inLanguage":"es-MX","isPartOf":{"@id":"https:\/\/tepachesazon.com\/es\/#website"},"breadcrumb":{"@id":"https:\/\/tepachesazon.com\/es\/nosotros\/#breadcrumblist"},"image":{"@type":"ImageObject","url":"https:\/\/tepachesazon.com\/wp-content\/uploads\/tepache-sazon-about-us.jpg","@id":"https:\/\/tepachesazon.com\/es\/#mainImage","width":2000,"height":1213},"primaryImageOfPage":{"@id":"https:\/\/tepachesazon.com\/es\/nosotros\/#mainImage"},"datePublished":"2023-04-11T23:22:41-07:00","dateModified":"2026-04-06T15:08:47-07:00"},{"@type":"WebSite","@id":"https:\/\/tepachesazon.com\/es\/#website","url":"https:\/\/tepachesazon.com\/es\/","name":"Tepache Saz\u00f3n","description":"Fermented Mexican Tropical Pineapple Fruit Drink","inLanguage":"es-MX","publisher":{"@id":"https:\/\/tepachesazon.com\/es\/#organization"}}]}},"aioseo_meta_data":{"post_id":"59655","title":null,"description":null,"keywords":"[]","keyphrases":"{\"focus\":{\"keyphrase\":\"\",\"score\":0,\"analysis\":{\"keyphraseInTitle\":{\"score\":0,\"maxScore\":9,\"error\":1}}},\"additional\":[]}","primary_term":null,"canonical_url":null,"og_title":null,"og_description":null,"og_object_type":"default","og_image_type":"default","og_image_url":null,"og_image_width":null,"og_image_height":null,"og_image_custom_url":null,"og_image_custom_fields":null,"og_video":"","og_custom_url":null,"og_article_section":null,"og_article_tags":"[]","twitter_use_og":false,"twitter_card":"default","twitter_image_type":"default","twitter_image_url":null,"twitter_image_custom_url":null,"twitter_image_custom_fields":null,"twitter_title":null,"twitter_description":null,"schema":{"blockGraphs":[],"customGraphs":[],"default":{"data":{"Article":[],"Course":[],"Dataset":[],"FAQPage":[],"Movie":[],"Person":[],"Product":[],"Recipe":[],"Service":[],"SoftwareApplication":[],"WebPage":[]},"graphName":"","isEnabled":true},"graphs":[]},"schema_type":"default","schema_type_options":null,"pillar_content":false,"robots_default":true,"robots_noindex":false,"robots_noarchive":false,"robots_nosnippet":false,"robots_nofollow":false,"robots_noimageindex":false,"robots_noodp":false,"robots_notranslate":false,"robots_max_snippet":"-1","robots_max_videopreview":"-1","robots_max_imagepreview":"large","priority":"default","frequency":"default","local_seo":null,"limit_modified_date":false,"open_ai":{"title":{"suggestions":[],"usage":0},"description":{"suggestions":[],"usage":0}},"created":"2023-05-15 17:31:29","updated":"2026-04-06 15:23:02"},"_links":{"self":[{"href":"https:\/\/tepachesazon.com\/es\/wp-json\/wp\/v2\/pages\/59655"}],"collection":[{"href":"https:\/\/tepachesazon.com\/es\/wp-json\/wp\/v2\/pages"}],"about":[{"href":"https:\/\/tepachesazon.com\/es\/wp-json\/wp\/v2\/types\/page"}],"author":[{"embeddable":true,"href":"https:\/\/tepachesazon.com\/es\/wp-json\/wp\/v2\/users\/2"}],"replies":[{"embeddable":true,"href":"https:\/\/tepachesazon.com\/es\/wp-json\/wp\/v2\/comments?post=59655"}],"version-history":[{"count":29,"href":"https:\/\/tepachesazon.com\/es\/wp-json\/wp\/v2\/pages\/59655\/revisions"}],"predecessor-version":[{"id":60011,"href":"https:\/\/tepachesazon.com\/es\/wp-json\/wp\/v2\/pages\/59655\/revisions\/60011"}],"wp:featuredmedia":[{"embeddable":true,"href":"https:\/\/tepachesazon.com\/es\/wp-json\/wp\/v2\/media\/63961"}],"wp:attachment":[{"href":"https:\/\/tepachesazon.com\/es\/wp-json\/wp\/v2\/media?parent=59655"}],"curies":[{"name":"wp","href":"https:\/\/api.w.org\/{rel}","templated":true}]}}