{"id":59589,"date":"2023-04-10T18:55:01","date_gmt":"2023-04-11T01:55:01","guid":{"rendered":"https:\/\/dev-vapor2-tepache-sazon.pantheonsite.io\/?page_id=59589"},"modified":"2023-05-17T11:54:04","modified_gmt":"2023-05-17T18:54:04","slug":"contact-us","status":"publish","type":"page","link":"https:\/\/tepachesazon.com\/es\/contactanos\/","title":{"rendered":"Cont\u00e1ctanos"},"content":{"rendered":"<div id=\"custom-html-block_eae01bb3cc3e980a0aa777dc94878c36\" class=\"wrapper wrapper-default wrapper-variable-gc-pt wrapper-custom-html-block\">\n    <div class=\"container\">\n        <div class=\"contact-form-container\">\r\n<div class=\"modal-background-illust\"><\/div>\r\n<div class=\"form-color-bk\" style=\"color: #009b77;max-width: 480px;margin: auto;\">\r\n<div class=\"modal-header\"><h2 class=\"modal-title\" id=\"contactModalLabel\">Cont\u00e1ctanos<\/h2><div class=\"contact-modal-description contact-modal-form-description\"><h4>Nos encantar\u00eda escuchar de ti.<\/h4>\n<p>Ingresa tu informaci\u00f3n a continuaci\u00f3n.<\/p>\n<\/div><\/div><div class=\"iframe-embedded-container\"><style>#contactModal .modal-content {\r\n    background: #f4f2e8;\r\n}\r\n#contactModal .modal-background-illust {\r\nopacity: .5;\r\n}\r\n#contactModal .modal-header h3.modal-title,\r\n#contactModal .modal-content h4,\r\n#contactModal .modal-content p {\r\ncolor: #009b77;\r\n}<\/style><iframe id=\"JotFormIFrame-230444788832161\" allowtransparency=\"true\" allowfullscreen=\"true\" allow=\"geolocation; microphone; camera\" src=\"https:\/\/form.jotform.com\/230444788832161?teamMemberName=General&language=es&submissionUrl=https:\/\/tepachesazon.com\/es\/wp-json\/wp\/v2\/pages\/59589\" frameborder=\"0\" style=\"width: 1px;min-width: 100%; border:none;\"><\/iframe><\/div>\r\n<\/div>\r\n<\/div>    <\/div>\n<\/div>","protected":false},"excerpt":{"rendered":"<p><span class=\"excerpt\">Nos encantar\u00eda escuchar de ti. Cont\u00e1ctanos hoy.<\/a><\/span><\/p>\n<p class=\"read-more\"><a class=\"btn btn-light vprstrap-read-more-link\" href=\"https:\/\/tepachesazon.com\/es\/contactanos\/\" data-no-translation=\"\" data-trp-gettext=\"\">Read More<\/a><\/p>","protected":false},"author":2,"featured_media":58571,"parent":0,"menu_order":5,"comment_status":"closed","ping_status":"closed","template":"page-templates\/page-landing-blocks.php","meta":[],"acf":{"css_injection":".image-header .features-content-text h2 {\r\n\t\t\t\tbackdrop-filter: blur(1.5px);\r\n\t\t\t\t    -webkit-backdrop-filter: blur(1.5px);\r\n    -moz-backdrop-filter: blur(1.5px);\r\n    -ms-backdrop-filter: blur(1.5px);\r\n}\r\n\r\niframe {\r\n    min-height: 750px;\r\n}\r\n\r\n.contact-modal-link {\r\n    display: none;\r\n}\r\n\r\n\/*body {\r\nbackground: linear-gradient(to bottom, #009b77 50%, #fbe122);\r\n}\r\n\r\n@media only screen and (max-width: 500px) {\r\nbody {\r\nbackground: linear-gradient(to bottom, #009b77 40%, #fbe122);\r\n}\r\n}\r\n\r\n.modal-background-illust {\r\n    background-image: url(\/wp-content\/uploads\/tepache-sazon-illustration-pineapple-angle-grey.svg);\r\n    background-repeat: no-repeat;\r\n    background-size: contain;\r\n    width: 100%;\r\n    height: 50%;\r\n    position: absolute;\r\n    top: 23%;\r\n    opacity: .5;\r\n    right: -55%;\r\n}\r\n*\/\r\n.contact-form-container {\r\nposition: relative;\r\n}\r\n\r\n.modal-title {\r\ndisplay: none;\r\n}\r\n\r\n.contact-form-container .modal-header {\r\nborder: none;\r\n}\r\n.form-color-bk .modal-header .contact-modal-description p:not(:empty, p + p + p) {\r\n    line-height: .8;\r\n    letter-spacing: .32rem;\r\n    font-size: 3.25rem;\r\n    text-transform: uppercase;\r\n    font-family: \"sign-02-clean\",sans-serif;\r\n}\r\n@media only screen and (max-width: 767px) {\r\n\t\t\t.form-color-bk .modal-header .contact-modal-description p:not(:empty, p + p + p) {\r\n\t\t\t\tfont-size: 2.85rem;\r\n    letter-spacing: .32rem;\r\n\t\t\t\t}\r\n}","header_image_position":{"img_horizontal":"center","img_vertical":"center"},"page_header_use_feature":false},"aioseo_notices":[],"aioseo_head":"\n\t\t<!-- All in One SEO Pro 4.3.7 - aioseo.com -->\n\t\t<meta name=\"description\" content=\"We would love to hear from you! Reach out to Tepache Saz\u00f3n today via our convenient website contact form.\" \/>\n\t\t<meta name=\"robots\" content=\"max-image-preview:large\" \/>\n\t\t<meta name=\"google-site-verification\" content=\"t_Ije3UyTP6szK2AJY91nLonwyuKodJWMw9w_s5AJek\" \/>\n\t\t<link rel=\"canonical\" href=\"https:\/\/tepachesazon.com\/es\/contactanos\/\" \/>\n\t\t<meta name=\"generator\" content=\"All in One SEO Pro (AIOSEO) 4.3.7\" \/>\n\t\t<meta property=\"og:locale\" content=\"es_MX\" \/>\n\t\t<meta property=\"og:site_name\" content=\"Tepache Saz\u00f3n - Fermented Mexican Tropical Pineapple Fruit Drink\" \/>\n\t\t<meta property=\"og:type\" content=\"article\" \/>\n\t\t<meta property=\"og:title\" content=\"Contact Us - Tepache Saz\u00f3n\" \/>\n\t\t<meta property=\"og:description\" content=\"We would love to hear from you! Reach out to Tepache Saz\u00f3n today via our convenient website contact form.\" \/>\n\t\t<meta property=\"og:url\" content=\"https:\/\/tepachesazon.com\/es\/contactanos\/\" \/>\n\t\t<meta property=\"og:image\" content=\"https:\/\/tepachesazon.com\/wp-content\/uploads\/tepache-sazon-hero-walking-away-withbucket-of-tepache.jpg\" \/>\n\t\t<meta property=\"og:image:secure_url\" content=\"https:\/\/tepachesazon.com\/wp-content\/uploads\/tepache-sazon-hero-walking-away-withbucket-of-tepache.jpg\" \/>\n\t\t<meta property=\"og:image:width\" content=\"1440\" \/>\n\t\t<meta property=\"og:image:height\" content=\"810\" \/>\n\t\t<meta property=\"article:published_time\" content=\"2023-04-11T01:55:01+00:00\" \/>\n\t\t<meta property=\"article:modified_time\" content=\"2023-05-17T18:54:04+00:00\" \/>\n\t\t<meta name=\"twitter:card\" content=\"summary_large_image\" \/>\n\t\t<meta name=\"twitter:title\" content=\"Contact Us - Tepache Saz\u00f3n\" \/>\n\t\t<meta name=\"twitter:description\" content=\"We would love to hear from you! Reach out to Tepache Saz\u00f3n today via our convenient website contact form.\" \/>\n\t\t<meta name=\"twitter:image\" content=\"https:\/\/tepachesazon.com\/wp-content\/uploads\/tepache-sazon-hero-walking-away-withbucket-of-tepache.jpg\" \/>\n\t\t<script type=\"application\/ld+json\" class=\"aioseo-schema\">\n\t\t\t{\"@context\":\"https:\\\/\\\/schema.org\",\"@graph\":[{\"@type\":\"BreadcrumbList\",\"@id\":\"https:\\\/\\\/tepachesazon.com\\\/es\\\/contactanos\\\/#breadcrumblist\",\"itemListElement\":[{\"@type\":\"ListItem\",\"@id\":\"https:\\\/\\\/tepachesazon.com\\\/es\\\/#listItem\",\"position\":1,\"item\":{\"@type\":\"WebPage\",\"@id\":\"https:\\\/\\\/tepachesazon.com\\\/es\\\/\",\"name\":\"Home\",\"description\":\"Tepache Saz\\u00f3n is made in the coastal Mexican village of San Pancho, Nayarit. We crush & ferment locally-grown fruit with an emphasis on freshness and ripeness.\",\"url\":\"https:\\\/\\\/tepachesazon.com\\\/es\\\/\"},\"nextItem\":\"https:\\\/\\\/tepachesazon.com\\\/es\\\/contactanos\\\/#listItem\"},{\"@type\":\"ListItem\",\"@id\":\"https:\\\/\\\/tepachesazon.com\\\/es\\\/contactanos\\\/#listItem\",\"position\":2,\"item\":{\"@type\":\"WebPage\",\"@id\":\"https:\\\/\\\/tepachesazon.com\\\/es\\\/contactanos\\\/\",\"name\":\"Contact Us\",\"description\":\"We would love to hear from you! Reach out to Tepache Saz\\u00f3n today via our convenient website contact form.\",\"url\":\"https:\\\/\\\/tepachesazon.com\\\/es\\\/contactanos\\\/\"},\"previousItem\":\"https:\\\/\\\/tepachesazon.com\\\/es\\\/#listItem\"}]},{\"@type\":\"Organization\",\"@id\":\"https:\\\/\\\/tepachesazon.com\\\/es\\\/#organization\",\"name\":\"Tepache Saz\\u00f3n\",\"url\":\"https:\\\/\\\/tepachesazon.com\\\/es\\\/\",\"logo\":{\"@type\":\"ImageObject\",\"url\":\"https:\\\/\\\/tepachesazon.com\\\/wp-content\\\/uploads\\\/tepache-sazon-logo.png\",\"@id\":\"https:\\\/\\\/tepachesazon.com\\\/es\\\/#organizationLogo\",\"width\":500,\"height\":229,\"caption\":\"Tepache Sazo\\u0301n logo\"},\"image\":{\"@id\":\"https:\\\/\\\/tepachesazon.com\\\/es\\\/#organizationLogo\"},\"sameAs\":[\"https:\\\/\\\/www.instagram.com\\\/tepachesazon\"]},{\"@type\":\"WebPage\",\"@id\":\"https:\\\/\\\/tepachesazon.com\\\/es\\\/contactanos\\\/#webpage\",\"url\":\"https:\\\/\\\/tepachesazon.com\\\/es\\\/contactanos\\\/\",\"name\":\"Contact Us - Tepache Saz\\u00f3n\",\"description\":\"We would love to hear from you! Reach out to Tepache Saz\\u00f3n today via our convenient website contact form.\",\"inLanguage\":\"es-MX\",\"isPartOf\":{\"@id\":\"https:\\\/\\\/tepachesazon.com\\\/es\\\/#website\"},\"breadcrumb\":{\"@id\":\"https:\\\/\\\/tepachesazon.com\\\/es\\\/contactanos\\\/#breadcrumblist\"},\"image\":{\"@type\":\"ImageObject\",\"url\":\"https:\\\/\\\/tepachesazon.com\\\/wp-content\\\/uploads\\\/tepache-sazon-hero-walking-away-withbucket-of-tepache.jpg\",\"@id\":\"https:\\\/\\\/tepachesazon.com\\\/es\\\/#mainImage\",\"width\":1440,\"height\":810,\"caption\":\"tepache-sazon-hero-walking-away-withbucket-of-tepache\"},\"primaryImageOfPage\":{\"@id\":\"https:\\\/\\\/tepachesazon.com\\\/es\\\/contactanos\\\/#mainImage\"},\"datePublished\":\"2023-04-11T01:55:01-07:00\",\"dateModified\":\"2023-05-17T18:54:04-07:00\"},{\"@type\":\"WebSite\",\"@id\":\"https:\\\/\\\/tepachesazon.com\\\/es\\\/#website\",\"url\":\"https:\\\/\\\/tepachesazon.com\\\/es\\\/\",\"name\":\"Tepache Saz\\u00f3n\",\"description\":\"Fermented Mexican Tropical Pineapple Fruit Drink\",\"inLanguage\":\"es-MX\",\"publisher\":{\"@id\":\"https:\\\/\\\/tepachesazon.com\\\/es\\\/#organization\"}}]}\n\t\t<\/script>\n\t\t<!-- All in One SEO Pro -->\r\n\t\t<title>Contact Us - Tepache Saz\u00f3n<\/title>\n\n","aioseo_head_json":{"title":"Contact Us - Tepache Saz\u00f3n","description":"We would love to hear from you! Reach out to Tepache Saz\u00f3n today via our convenient website contact form.","canonical_url":"https:\/\/tepachesazon.com\/es\/contactanos\/","robots":"max-image-preview:large","keywords":"","webmasterTools":{"google-site-verification":"t_Ije3UyTP6szK2AJY91nLonwyuKodJWMw9w_s5AJek","miscellaneous":""},"og:locale":"es_MX","og:site_name":"Tepache Saz\u00f3n - Fermented Mexican Tropical Pineapple Fruit Drink","og:type":"article","og:title":"Contact Us - Tepache Saz\u00f3n","og:description":"We would love to hear from you! Reach out to Tepache Saz\u00f3n today via our convenient website contact form.","og:url":"https:\/\/tepachesazon.com\/es\/contactanos\/","og:image":"https:\/\/tepachesazon.com\/wp-content\/uploads\/tepache-sazon-hero-walking-away-withbucket-of-tepache.jpg","og:image:secure_url":"https:\/\/tepachesazon.com\/wp-content\/uploads\/tepache-sazon-hero-walking-away-withbucket-of-tepache.jpg","og:image:width":1440,"og:image:height":810,"article:published_time":"2023-04-11T01:55:01+00:00","article:modified_time":"2023-05-17T18:54:04+00:00","twitter:card":"summary_large_image","twitter:title":"Contact Us - Tepache Saz\u00f3n","twitter:description":"We would love to hear from you! Reach out to Tepache Saz\u00f3n today via our convenient website contact form.","twitter:image":"https:\/\/tepachesazon.com\/wp-content\/uploads\/tepache-sazon-hero-walking-away-withbucket-of-tepache.jpg","schema":{"@context":"https:\/\/schema.org","@graph":[{"@type":"BreadcrumbList","@id":"https:\/\/tepachesazon.com\/es\/contactanos\/#breadcrumblist","itemListElement":[{"@type":"ListItem","@id":"https:\/\/tepachesazon.com\/es\/#listItem","position":1,"item":{"@type":"WebPage","@id":"https:\/\/tepachesazon.com\/es\/","name":"Home","description":"Tepache Saz\u00f3n is made in the coastal Mexican village of San Pancho, Nayarit. We crush & ferment locally-grown fruit with an emphasis on freshness and ripeness.","url":"https:\/\/tepachesazon.com\/es\/"},"nextItem":"https:\/\/tepachesazon.com\/es\/contactanos\/#listItem"},{"@type":"ListItem","@id":"https:\/\/tepachesazon.com\/es\/contactanos\/#listItem","position":2,"item":{"@type":"WebPage","@id":"https:\/\/tepachesazon.com\/es\/contactanos\/","name":"Contact Us","description":"We would love to hear from you! Reach out to Tepache Saz\u00f3n today via our convenient website contact form.","url":"https:\/\/tepachesazon.com\/es\/contactanos\/"},"previousItem":"https:\/\/tepachesazon.com\/es\/#listItem"}]},{"@type":"Organization","@id":"https:\/\/tepachesazon.com\/es\/#organization","name":"Tepache Saz\u00f3n","url":"https:\/\/tepachesazon.com\/es\/","logo":{"@type":"ImageObject","url":"https:\/\/tepachesazon.com\/wp-content\/uploads\/tepache-sazon-logo.png","@id":"https:\/\/tepachesazon.com\/es\/#organizationLogo","width":500,"height":229,"caption":"Tepache Sazo\u0301n logo"},"image":{"@id":"https:\/\/tepachesazon.com\/es\/#organizationLogo"},"sameAs":["https:\/\/www.instagram.com\/tepachesazon"]},{"@type":"WebPage","@id":"https:\/\/tepachesazon.com\/es\/contactanos\/#webpage","url":"https:\/\/tepachesazon.com\/es\/contactanos\/","name":"Contact Us - Tepache Saz\u00f3n","description":"We would love to hear from you! Reach out to Tepache Saz\u00f3n today via our convenient website contact form.","inLanguage":"es-MX","isPartOf":{"@id":"https:\/\/tepachesazon.com\/es\/#website"},"breadcrumb":{"@id":"https:\/\/tepachesazon.com\/es\/contactanos\/#breadcrumblist"},"image":{"@type":"ImageObject","url":"https:\/\/tepachesazon.com\/wp-content\/uploads\/tepache-sazon-hero-walking-away-withbucket-of-tepache.jpg","@id":"https:\/\/tepachesazon.com\/es\/#mainImage","width":1440,"height":810,"caption":"tepache-sazon-hero-walking-away-withbucket-of-tepache"},"primaryImageOfPage":{"@id":"https:\/\/tepachesazon.com\/es\/contactanos\/#mainImage"},"datePublished":"2023-04-11T01:55:01-07:00","dateModified":"2023-05-17T18:54:04-07:00"},{"@type":"WebSite","@id":"https:\/\/tepachesazon.com\/es\/#website","url":"https:\/\/tepachesazon.com\/es\/","name":"Tepache Saz\u00f3n","description":"Fermented Mexican Tropical Pineapple Fruit Drink","inLanguage":"es-MX","publisher":{"@id":"https:\/\/tepachesazon.com\/es\/#organization"}}]}},"aioseo_meta_data":{"post_id":"59589","title":null,"description":null,"keywords":"[]","keyphrases":"{\"focus\":{\"keyphrase\":\"\",\"score\":0,\"analysis\":{\"keyphraseInTitle\":{\"score\":0,\"maxScore\":9,\"error\":1}}},\"additional\":[]}","primary_term":null,"canonical_url":null,"og_title":null,"og_description":null,"og_object_type":"default","og_image_type":"default","og_image_url":null,"og_image_width":null,"og_image_height":null,"og_image_custom_url":null,"og_image_custom_fields":null,"og_video":"","og_custom_url":null,"og_article_section":null,"og_article_tags":"[]","twitter_use_og":false,"twitter_card":"default","twitter_image_type":"default","twitter_image_url":null,"twitter_image_custom_url":null,"twitter_image_custom_fields":null,"twitter_title":null,"twitter_description":null,"schema":{"blockGraphs":[],"customGraphs":[],"default":{"data":{"Article":[],"Course":[],"Dataset":[],"FAQPage":[],"Movie":[],"Person":[],"Product":[],"Recipe":[],"Service":[],"SoftwareApplication":[],"WebPage":[]},"graphName":"","isEnabled":true},"graphs":[]},"schema_type":"default","schema_type_options":null,"pillar_content":false,"robots_default":true,"robots_noindex":false,"robots_noarchive":false,"robots_nosnippet":false,"robots_nofollow":false,"robots_noimageindex":false,"robots_noodp":false,"robots_notranslate":false,"robots_max_snippet":"-1","robots_max_videopreview":"-1","robots_max_imagepreview":"large","priority":"default","frequency":"default","local_seo":null,"limit_modified_date":false,"open_ai":{"title":{"suggestions":[],"usage":0},"description":{"suggestions":[],"usage":0}},"created":"2023-05-15 17:31:29","updated":"2023-05-17 19:04:04"},"_links":{"self":[{"href":"https:\/\/tepachesazon.com\/es\/wp-json\/wp\/v2\/pages\/59589"}],"collection":[{"href":"https:\/\/tepachesazon.com\/es\/wp-json\/wp\/v2\/pages"}],"about":[{"href":"https:\/\/tepachesazon.com\/es\/wp-json\/wp\/v2\/types\/page"}],"author":[{"embeddable":true,"href":"https:\/\/tepachesazon.com\/es\/wp-json\/wp\/v2\/users\/2"}],"replies":[{"embeddable":true,"href":"https:\/\/tepachesazon.com\/es\/wp-json\/wp\/v2\/comments?post=59589"}],"version-history":[{"count":19,"href":"https:\/\/tepachesazon.com\/es\/wp-json\/wp\/v2\/pages\/59589\/revisions"}],"predecessor-version":[{"id":60016,"href":"https:\/\/tepachesazon.com\/es\/wp-json\/wp\/v2\/pages\/59589\/revisions\/60016"}],"wp:featuredmedia":[{"embeddable":true,"href":"https:\/\/tepachesazon.com\/es\/wp-json\/wp\/v2\/media\/58571"}],"wp:attachment":[{"href":"https:\/\/tepachesazon.com\/es\/wp-json\/wp\/v2\/media?parent=59589"}],"curies":[{"name":"wp","href":"https:\/\/api.w.org\/{rel}","templated":true}]}}